{"id":1136,"date":"2021-07-17T15:09:29","date_gmt":"2021-07-17T18:09:29","guid":{"rendered":"https:\/\/ilhadapaz.parqueterranova.com.br\/?post_type=product&#038;p=1136"},"modified":"2021-11-03T14:31:33","modified_gmt":"2021-11-03T17:31:33","slug":"gaveta-gratis","status":"publish","type":"product","link":"https:\/\/ilhadapaz.parqueterranova.com.br\/?product=gaveta-gratis","title":{"rendered":"Gaveta Gratis"},"content":{"rendered":"<p>Pague somente o valor de R$ 360,00 anuais e ganhe sua gaveta vertical perp\u00e9tua sem pagar pelo terreno, custo de constru\u00e7\u00e3o da gaveta.<\/p>\n<p>Taxas de Sepultamento e exuma\u00e7\u00e3o inclusas na anuidade, pague somente a l\u00e1pide quando usar.<\/p>\n<p>Empresa do Grupo Terranova de Minas Gerais, maior empresa do Brasil em consultoria e projetos de cemit\u00e9rios e cremat\u00f3rios.<\/p>\n<p>Empreendimento de primeira linha, pensado e executado pelos maiores especialistas do pa\u00eds, trazendo tranquilidade, respeito e cuidado em cada detalhe do projeto.<\/p>\n<h2>Valor da Taxa de Manuten\u00e7\u00e3o Anual: R$ 360,00 \/ Ano<\/h2>\n<h3>Como ganhar minha GAVETA GR\u00c1TIS?<\/h3>\n<ol>\n<li>Clique em comprar;<\/li>\n<li>Preencha seus dados;<\/li>\n<li>Escolha a forma de pagamento (boleto ou cart\u00e3o);<\/li>\n<li>Insira seus dados;<\/li>\n<li>Leia e marque a op\u00e7\u00e3o de concordar com os termos;<\/li>\n<li>Finalize sua compra;<\/li>\n<li>Receba seu contrato no e-mail informado.<\/li>\n<\/ol>\n<div class=\"porto-faqs porto-faqsk3gg wpb_content_element \"><h4 class=\"wpb_heading \">Perguntas Frequentes<\/h4>\r\n\t<div class=\"page-faqs clearfix m-t-lg\" id=\"porto_faqs_v3p2\">\r\n\r\n\t\t\r\n\t\t\r\n\t\t<div class=\"faq-row faqs-container\">\r\n\t\t\t\r\n<div class=\"faq post-1252 type-faq status-publish hentry\">\r\n\t<section class=\"toggle\">\r\n\t\t<label>Quanto custa a taxa de manuten\u00e7\u00e3o?<\/label>\r\n\t\t<div class=\"toggle-content\">\r\n\t\t<h3 class=\"entry-title\" style=\"display: none;\">Quanto custa a taxa de manuten\u00e7\u00e3o?<\/h3><span class=\"vcard\" style=\"display: none;\"><span class=\"fn\"><a href=\"https:\/\/ilhadapaz.parqueterranova.com.br\/?author=1\" title=\"Posts de hyperadmin\" rel=\"author\">hyperadmin<\/a><\/span><\/span><span class=\"updated\" style=\"display:none\">2021-07-21T10:20:37-03:00<\/span>\n<p>R$ 360,00 anuais, podendo ser dividida em at\u00e9 3x sem juros no cart\u00e3o de cr\u00e9dito. No pr\u00f3ximo ano, est\u00e1 taxa sofrer\u00e1 atualiza\u00e7\u00e3o mercadologica IPCA.<\/p>\n\t\t<\/div>\r\n\t<\/section>\r\n<\/div>\r\n\r\n<div class=\"faq post-1247 type-faq status-publish hentry\">\r\n\t<section class=\"toggle\">\r\n\t\t<label>A taxa de manuten\u00e7\u00e3o dever\u00e1 ser paga pra sempre?<\/label>\r\n\t\t<div class=\"toggle-content\">\r\n\t\t<h3 class=\"entry-title\" style=\"display: none;\">A taxa de manuten\u00e7\u00e3o dever\u00e1 ser paga pra sempre?<\/h3><span class=\"vcard\" style=\"display: none;\"><span class=\"fn\"><a href=\"https:\/\/ilhadapaz.parqueterranova.com.br\/?author=1\" title=\"Posts de hyperadmin\" rel=\"author\">hyperadmin<\/a><\/span><\/span><span class=\"updated\" style=\"display:none\">2021-07-20T08:32:39-03:00<\/span>\n<p>Enquanto a fam\u00edlia quiser manter a titularidade da gaveta.<\/p>\n\t\t<\/div>\r\n\t<\/section>\r\n<\/div>\r\n\r\n<div class=\"faq post-1246 type-faq status-publish hentry\">\r\n\t<section class=\"toggle\">\r\n\t\t<label>Quanto tempo leva cada corpo pra decomposi\u00e7\u00e3o total?<\/label>\r\n\t\t<div class=\"toggle-content\">\r\n\t\t<h3 class=\"entry-title\" style=\"display: none;\">Quanto tempo leva cada corpo pra decomposi\u00e7\u00e3o total?<\/h3><span class=\"vcard\" style=\"display: none;\"><span class=\"fn\"><a href=\"https:\/\/ilhadapaz.parqueterranova.com.br\/?author=1\" title=\"Posts de hyperadmin\" rel=\"author\">hyperadmin<\/a><\/span><\/span><span class=\"updated\" style=\"display:none\">2021-07-20T08:32:03-03:00<\/span>\n<p>03 anos<\/p>\n\t\t<\/div>\r\n\t<\/section>\r\n<\/div>\r\n\r\n<div class=\"faq post-1245 type-faq status-publish hentry\">\r\n\t<section class=\"toggle\">\r\n\t\t<label>Haver\u00e1 contamina\u00e7\u00e3o de solo e len\u00e7ol fre\u00e1tico?<\/label>\r\n\t\t<div class=\"toggle-content\">\r\n\t\t<h3 class=\"entry-title\" style=\"display: none;\">Haver\u00e1 contamina\u00e7\u00e3o de solo e len\u00e7ol fre\u00e1tico?<\/h3><span class=\"vcard\" style=\"display: none;\"><span class=\"fn\"><a href=\"https:\/\/ilhadapaz.parqueterranova.com.br\/?author=1\" title=\"Posts de hyperadmin\" rel=\"author\">hyperadmin<\/a><\/span><\/span><span class=\"updated\" style=\"display:none\">2021-07-20T08:31:36-03:00<\/span>\n<p>N\u00e3o. Tudo foi devidamente pensado e estruturado pelos maiores especialistas do<br>Brasil na \u00e1rea, garantindo o cemit\u00e9rio mais moderno e seguro ambientalmente do pa\u00eds,<br>utilizando recursos que impedem o vazamento de res\u00edduos do corpo em contato com o<br>solo e \u00e1guas subterr\u00e2neas.<\/p>\n\t\t<\/div>\r\n\t<\/section>\r\n<\/div>\r\n\r\n<div class=\"faq post-1244 type-faq status-publish hentry\">\r\n\t<section class=\"toggle\">\r\n\t\t<label>O cemit\u00e9rio est\u00e1 com todas as licen\u00e7as e alvar\u00e1s vigentes?<\/label>\r\n\t\t<div class=\"toggle-content\">\r\n\t\t<h3 class=\"entry-title\" style=\"display: none;\">O cemit\u00e9rio est\u00e1 com todas as licen\u00e7as e alvar\u00e1s vigentes?<\/h3><span class=\"vcard\" style=\"display: none;\"><span class=\"fn\"><a href=\"https:\/\/ilhadapaz.parqueterranova.com.br\/?author=1\" title=\"Posts de hyperadmin\" rel=\"author\">hyperadmin<\/a><\/span><\/span><span class=\"updated\" style=\"display:none\">2021-07-20T08:31:04-03:00<\/span>\n<p>Sim, todo o cemit\u00e9rio j\u00e1 possui as licen\u00e7as ambientais e alvar\u00e1s de constru\u00e7\u00e3o,<br>principais passos para que o projeto saia do papel e possa tomar forma.<\/p>\n\t\t<\/div>\r\n\t<\/section>\r\n<\/div>\r\n\r\n<div class=\"faq post-1243 type-faq status-publish hentry\">\r\n\t<section class=\"toggle\">\r\n\t\t<label>O que acontece se algu\u00e9m da minha fam\u00edlia vier a \u00f3bito antes da data de in\u00edcio da opera\u00e7\u00e3o?<\/label>\r\n\t\t<div class=\"toggle-content\">\r\n\t\t<h3 class=\"entry-title\" style=\"display: none;\">O que acontece se algu\u00e9m da minha fam\u00edlia vier a \u00f3bito antes da data de in\u00edcio da opera\u00e7\u00e3o?<\/h3><span class=\"vcard\" style=\"display: none;\"><span class=\"fn\"><a href=\"https:\/\/ilhadapaz.parqueterranova.com.br\/?author=1\" title=\"Posts de hyperadmin\" rel=\"author\">hyperadmin<\/a><\/span><\/span><span class=\"updated\" style=\"display:none\">2021-07-20T08:30:26-03:00<\/span>\n<p>Este sepultamento se dar\u00e1 em cemit\u00e9rio p\u00fablico com os custos da taxa de<br>sepultamento por conta do Cemit\u00e9rio Parque Terranova, e a provid\u00eancia do jazigo de<br>responsabilidade da fam\u00edlia. Ap\u00f3s o tempo para exuma\u00e7\u00e3o, poder\u00e1 ser realizada a<br>transfer\u00eancia dos restos mortais para o novo cemit\u00e9rio com a taxa de exuma\u00e7\u00e3o e<br>traslado por conta do Cemit\u00e9rio Parque Terranova.<\/p>\n\t\t<\/div>\r\n\t<\/section>\r\n<\/div>\r\n\r\n<div class=\"faq post-1242 type-faq status-publish hentry\">\r\n\t<section class=\"toggle\">\r\n\t\t<label>H\u00e1 consulta de SPC e Serasa no ato da doa\u00e7\u00e3o?<\/label>\r\n\t\t<div class=\"toggle-content\">\r\n\t\t<h3 class=\"entry-title\" style=\"display: none;\">H\u00e1 consulta de SPC e Serasa no ato da doa\u00e7\u00e3o?<\/h3><span class=\"vcard\" style=\"display: none;\"><span class=\"fn\"><a href=\"https:\/\/ilhadapaz.parqueterranova.com.br\/?author=1\" title=\"Posts de hyperadmin\" rel=\"author\">hyperadmin<\/a><\/span><\/span><span class=\"updated\" style=\"display:none\">2021-07-20T08:29:21-03:00<\/span>\n<p>N\u00e3o, entretanto, o n\u00e3o pagamento das manuten\u00e7\u00f5es anuais implicar\u00e1 na perda da<br>gaveta doada.<\/p>\n\t\t<\/div>\r\n\t<\/section>\r\n<\/div>\r\n\r\n<div class=\"faq post-1241 type-faq status-publish hentry\">\r\n\t<section class=\"toggle\">\r\n\t\t<label>Quais os requisitos e exig\u00eancias para ganhar a gaveta?<\/label>\r\n\t\t<div class=\"toggle-content\">\r\n\t\t<h3 class=\"entry-title\" style=\"display: none;\">Quais os requisitos e exig\u00eancias para ganhar a gaveta?<\/h3><span class=\"vcard\" style=\"display: none;\"><span class=\"fn\"><a href=\"https:\/\/ilhadapaz.parqueterranova.com.br\/?author=1\" title=\"Posts de hyperadmin\" rel=\"author\">hyperadmin<\/a><\/span><\/span><span class=\"updated\" style=\"display:none\">2021-07-20T08:28:46-03:00<\/span>\n<p>Ser maior de 18 anos, possuir CPF e RG v\u00e1lido, e se comprometer contratualmente<br>com o pagamento anual das manuten\u00e7\u00f5es.<\/p>\n\t\t<\/div>\r\n\t<\/section>\r\n<\/div>\r\n\r\n<div class=\"faq post-1240 type-faq status-publish hentry\">\r\n\t<section class=\"toggle\">\r\n\t\t<label>O Cemit\u00e9rio est\u00e1 localizado em Gl\u00f3ria ou Paulo Afonso?<\/label>\r\n\t\t<div class=\"toggle-content\">\r\n\t\t<h3 class=\"entry-title\" style=\"display: none;\">O Cemit\u00e9rio est\u00e1 localizado em Gl\u00f3ria ou Paulo Afonso?<\/h3><span class=\"vcard\" style=\"display: none;\"><span class=\"fn\"><a href=\"https:\/\/ilhadapaz.parqueterranova.com.br\/?author=1\" title=\"Posts de hyperadmin\" rel=\"author\">hyperadmin<\/a><\/span><\/span><span class=\"updated\" style=\"display:none\">2021-07-20T08:28:20-03:00<\/span>\n<p>Exatamente na divisa dos dois para gerar mais conforto e comodidade, acesso f\u00e1cil,<br>boa sinaliza\u00e7\u00e3o, estrategicamente pensado para homenagear o ente querido.<\/p>\n\t\t<\/div>\r\n\t<\/section>\r\n<\/div>\r\n\r\n<div class=\"faq post-1239 type-faq status-publish hentry\">\r\n\t<section class=\"toggle\">\r\n\t\t<label>A partir de quando j\u00e1 poder\u00e3o ocorrer os enterros?<\/label>\r\n\t\t<div class=\"toggle-content\">\r\n\t\t<h3 class=\"entry-title\" style=\"display: none;\">A partir de quando j\u00e1 poder\u00e3o ocorrer os enterros?<\/h3><span class=\"vcard\" style=\"display: none;\"><span class=\"fn\"><a href=\"https:\/\/ilhadapaz.parqueterranova.com.br\/?author=1\" title=\"Posts de hyperadmin\" rel=\"author\">hyperadmin<\/a><\/span><\/span><span class=\"updated\" style=\"display:none\">2021-09-29T16:53:59-03:00<\/span>\n<p>31\/12\/2022 (Dia de finados)<\/p>\n\t\t<\/div>\r\n\t<\/section>\r\n<\/div>\r\n\r\n<div class=\"faq post-1238 type-faq status-publish hentry\">\r\n\t<section class=\"toggle\">\r\n\t\t<label>\u00c9 poss\u00edvel que duas pessoas da mesma fam\u00edlia ganhem duas gavetas?<\/label>\r\n\t\t<div class=\"toggle-content\">\r\n\t\t<h3 class=\"entry-title\" style=\"display: none;\">\u00c9 poss\u00edvel que duas pessoas da mesma fam\u00edlia ganhem duas gavetas?<\/h3><span class=\"vcard\" style=\"display: none;\"><span class=\"fn\"><a href=\"https:\/\/ilhadapaz.parqueterranova.com.br\/?author=1\" title=\"Posts de hyperadmin\" rel=\"author\">hyperadmin<\/a><\/span><\/span><span class=\"updated\" style=\"display:none\">2021-07-20T08:27:02-03:00<\/span>\n<p>Sim. Entretanto, cada pessoa ter\u00e1 seu contrato e sua obriga\u00e7\u00e3o de realizar o<br>pagamento da manuten\u00e7\u00e3o.<\/p>\n\t\t<\/div>\r\n\t<\/section>\r\n<\/div>\r\n\r\n<div class=\"faq post-1237 type-faq status-publish hentry\">\r\n\t<section class=\"toggle\">\r\n\t\t<label>Posso indicar meus amigos?<\/label>\r\n\t\t<div class=\"toggle-content\">\r\n\t\t<h3 class=\"entry-title\" style=\"display: none;\">Posso indicar meus amigos?<\/h3><span class=\"vcard\" style=\"display: none;\"><span class=\"fn\"><a href=\"https:\/\/ilhadapaz.parqueterranova.com.br\/?author=1\" title=\"Posts de hyperadmin\" rel=\"author\">hyperadmin<\/a><\/span><\/span><span class=\"updated\" style=\"display:none\">2021-07-20T08:26:21-03:00<\/span>\n<p>Com certeza. Devido ao fato da quantidade de gavetas para doa\u00e7\u00e3o ser limitada,<br>quanto mais r\u00e1pido indicar mais chances dos seus amigos serem contemplados.<\/p>\n\t\t<\/div>\r\n\t<\/section>\r\n<\/div>\r\n\r\n<div class=\"faq post-1236 type-faq status-publish hentry\">\r\n\t<section class=\"toggle\">\r\n\t\t<label>Qual a previs\u00e3o de conclus\u00e3o das obras?<\/label>\r\n\t\t<div class=\"toggle-content\">\r\n\t\t<h3 class=\"entry-title\" style=\"display: none;\">Qual a previs\u00e3o de conclus\u00e3o das obras?<\/h3><span class=\"vcard\" style=\"display: none;\"><span class=\"fn\"><a href=\"https:\/\/ilhadapaz.parqueterranova.com.br\/?author=1\" title=\"Posts de hyperadmin\" rel=\"author\">hyperadmin<\/a><\/span><\/span><span class=\"updated\" style=\"display:none\">2021-07-20T08:25:47-03:00<\/span>\n<p>31\/07\/2022<\/p>\n\t\t<\/div>\r\n\t<\/section>\r\n<\/div>\r\n\r\n<div class=\"faq post-1235 type-faq status-publish hentry\">\r\n\t<section class=\"toggle\">\r\n\t\t<label>O que acontece com os ossos depois que finaliza o tempo de decomposi\u00e7\u00e3o?<\/label>\r\n\t\t<div class=\"toggle-content\">\r\n\t\t<h3 class=\"entry-title\" style=\"display: none;\">O que acontece com os ossos depois que finaliza o tempo de decomposi\u00e7\u00e3o?<\/h3><span class=\"vcard\" style=\"display: none;\"><span class=\"fn\"><a href=\"https:\/\/ilhadapaz.parqueterranova.com.br\/?author=1\" title=\"Posts de hyperadmin\" rel=\"author\">hyperadmin<\/a><\/span><\/span><span class=\"updated\" style=\"display:none\">2021-07-20T08:25:16-03:00<\/span>\n<p>S\u00e3o exumados para um oss\u00e1rio<\/p>\n\t\t<\/div>\r\n\t<\/section>\r\n<\/div>\r\n\r\n<div class=\"faq post-1234 type-faq status-publish hentry\">\r\n\t<section class=\"toggle\">\r\n\t\t<label>Quantas pessoas podem ser enterradas nessa minha gaveta ao mesmo tempo?<\/label>\r\n\t\t<div class=\"toggle-content\">\r\n\t\t<h3 class=\"entry-title\" style=\"display: none;\">Quantas pessoas podem ser enterradas nessa minha gaveta ao mesmo tempo?<\/h3><span class=\"vcard\" style=\"display: none;\"><span class=\"fn\"><a href=\"https:\/\/ilhadapaz.parqueterranova.com.br\/?author=1\" title=\"Posts de hyperadmin\" rel=\"author\">hyperadmin<\/a><\/span><\/span><span class=\"updated\" style=\"display:none\">2021-07-20T08:24:47-03:00<\/span>\n<p>A gaveta doada permite apenas um sepultamento por vez. Ap\u00f3s 03 anos, poder\u00e1 ser<br>feita a exuma\u00e7\u00e3o dos ossos para um oss\u00e1rio, e outra pessoa ser sepultada nesta gaveta.<\/p>\n\t\t<\/div>\r\n\t<\/section>\r\n<\/div>\r\n\r\n<div class=\"faq post-1233 type-faq status-publish hentry\">\r\n\t<section class=\"toggle\">\r\n\t\t<label>O que acontece se eu parar de pagar essa taxa de manuten\u00e7\u00e3o?<\/label>\r\n\t\t<div class=\"toggle-content\">\r\n\t\t<h3 class=\"entry-title\" style=\"display: none;\">O que acontece se eu parar de pagar essa taxa de manuten\u00e7\u00e3o?<\/h3><span class=\"vcard\" style=\"display: none;\"><span class=\"fn\"><a href=\"https:\/\/ilhadapaz.parqueterranova.com.br\/?author=1\" title=\"Posts de hyperadmin\" rel=\"author\">hyperadmin<\/a><\/span><\/span><span class=\"updated\" style=\"display:none\">2021-07-20T08:24:00-03:00<\/span>\n<p>O cemit\u00e9rio n\u00e3o proceder\u00e1 com a higieniza\u00e7\u00e3o e com os cuidados a qual foram<br>contratados no ato da aquisi\u00e7\u00e3o da gaveta. O titular tamb\u00e9m poder\u00e1 perder ap\u00f3s seis<br>meses o direito sobre a titularidade da cess\u00e3o do espa\u00e7o, al\u00e9m de poder ser inscrito nos<br>\u00f3rg\u00e3os de prote\u00e7\u00e3o ao cr\u00e9dito.<\/p>\n\t\t<\/div>\r\n\t<\/section>\r\n<\/div>\r\n\t\t<\/div>\r\n\r\n\t\t\r\n\t<\/div>\r\n\r\n\t\r\n\t<\/div>\n","protected":false},"excerpt":{"rendered":"<p>Pague somente o valor de R$ 360,00 anuais e ganhe sua gaveta vertical perp\u00e9tua sem pagar pelo terreno, custo de constru\u00e7\u00e3o da gaveta.<br \/>\nTaxas de Sepultamento e exuma\u00e7\u00e3o inclusas na anuidade, pague somente a l\u00e1pide quando usar.<br \/>\nEmpresa do Grupo Terranova de Minas Gerais, maior empresa do Brasil em consultoria e projetos de cemit\u00e9rios e cremat\u00f3rios.<br \/>\nEmpreendimento de primeira linha, pensado e executado pelos maiores especialistas do pa\u00eds, trazendo tranquilidade, respeito e cuidado em cada detalhe do projeto.<\/p>\n","protected":false},"featured_media":1322,"comment_status":"open","ping_status":"closed","template":"","meta":[],"product_cat":[35],"product_tag":[39,38,37,41,40],"_links":{"self":[{"href":"https:\/\/ilhadapaz.parqueterranova.com.br\/index.php?rest_route=\/wp\/v2\/product\/1136"}],"collection":[{"href":"https:\/\/ilhadapaz.parqueterranova.com.br\/index.php?rest_route=\/wp\/v2\/product"}],"about":[{"href":"https:\/\/ilhadapaz.parqueterranova.com.br\/index.php?rest_route=\/wp\/v2\/types\/product"}],"replies":[{"embeddable":true,"href":"https:\/\/ilhadapaz.parqueterranova.com.br\/index.php?rest_route=%2Fwp%2Fv2%2Fcomments&post=1136"}],"wp:featuredmedia":[{"embeddable":true,"href":"https:\/\/ilhadapaz.parqueterranova.com.br\/index.php?rest_route=\/wp\/v2\/media\/1322"}],"wp:attachment":[{"href":"https:\/\/ilhadapaz.parqueterranova.com.br\/index.php?rest_route=%2Fwp%2Fv2%2Fmedia&parent=1136"}],"wp:term":[{"taxonomy":"product_cat","embeddable":true,"href":"https:\/\/ilhadapaz.parqueterranova.com.br\/index.php?rest_route=%2Fwp%2Fv2%2Fproduct_cat&post=1136"},{"taxonomy":"product_tag","embeddable":true,"href":"https:\/\/ilhadapaz.parqueterranova.com.br\/index.php?rest_route=%2Fwp%2Fv2%2Fproduct_tag&post=1136"}],"curies":[{"name":"wp","href":"https:\/\/api.w.org\/{rel}","templated":true}]}}